{"id":963,"date":"2020-09-15T00:00:38","date_gmt":"2020-09-14T22:00:38","guid":{"rendered":"https:\/\/www.deutsche-afrika-stiftung.de\/home\/"},"modified":"2026-04-30T16:49:48","modified_gmt":"2026-04-30T14:49:48","slug":"home","status":"publish","type":"page","link":"https:\/\/www.deutsche-afrika-stiftung.de\/fr\/","title":{"rendered":"Home"},"content":{"rendered":"","protected":false},"excerpt":{"rendered":"","protected":false},"author":1,"featured_media":0,"parent":0,"menu_order":0,"comment_status":"closed","ping_status":"closed","template":"","meta":{"_acf_changed":false,"footnotes":""},"class_list":["post-963","page","type-page","status-publish","hentry"],"acf":[],"yoast_head":"<!-- This site is optimized with the Yoast SEO plugin v27.4 - https:\/\/yoast.com\/product\/yoast-seo-wordpress\/ -->\n<title>Deutsche Afrika Stiftung e.V.<\/title>\n<meta name=\"description\" content=\"La Fondation allemande pour l&#039;Afrique e.V. s&#039;engage de mani\u00e8re non partisane pour la mise en \u0153uvre des lignes directrices de la politique africaine du gouvernement f\u00e9d\u00e9ral.\" \/>\n<meta name=\"robots\" content=\"index, follow, max-snippet:-1, max-image-preview:large, max-video-preview:-1\" \/>\n<link rel=\"canonical\" href=\"https:\/\/www.deutsche-afrika-stiftung.de\/fr\/\" \/>\n<meta property=\"og:locale\" content=\"fr_FR\" \/>\n<meta property=\"og:type\" content=\"article\" \/>\n<meta property=\"og:title\" content=\"Deutsche Afrika Stiftung e.V.\" \/>\n<meta property=\"og:description\" content=\"La Fondation allemande pour l&#039;Afrique e.V. s&#039;engage de mani\u00e8re non partisane pour la mise en \u0153uvre des lignes directrices de la politique africaine du gouvernement f\u00e9d\u00e9ral.\" \/>\n<meta property=\"og:url\" content=\"https:\/\/www.deutsche-afrika-stiftung.de\/fr\/\" \/>\n<meta property=\"og:site_name\" content=\"Deutsche Afrika Stiftung e.V.\" \/>\n<meta property=\"article:publisher\" content=\"https:\/\/www.facebook.com\/DeutscheAfrikaStiftung\" \/>\n<meta property=\"article:modified_time\" content=\"2026-04-30T14:49:48+00:00\" \/>\n<meta name=\"twitter:card\" content=\"summary_large_image\" \/>\n<meta name=\"twitter:site\" content=\"@_DASonline\" \/>\n<meta name=\"twitter:label1\" content=\"Dur\u00e9e de lecture estim\u00e9e\" \/>\n\t<meta name=\"twitter:data1\" content=\"2 minutes\" \/>\n<script type=\"application\/ld+json\" class=\"yoast-schema-graph\">{\"@context\":\"https:\\\/\\\/schema.org\",\"@graph\":[{\"@type\":\"WebPage\",\"@id\":\"https:\\\/\\\/www.deutsche-afrika-stiftung.de\\\/fr\\\/\",\"url\":\"https:\\\/\\\/www.deutsche-afrika-stiftung.de\\\/fr\\\/\",\"name\":\"Deutsche Afrika Stiftung e.V.\",\"isPartOf\":{\"@id\":\"https:\\\/\\\/www.deutsche-afrika-stiftung.de\\\/fr\\\/#website\"},\"datePublished\":\"2020-09-14T22:00:38+00:00\",\"dateModified\":\"2026-04-30T14:49:48+00:00\",\"description\":\"La Fondation allemande pour l'Afrique e.V. s'engage de mani\u00e8re non partisane pour la mise en \u0153uvre des lignes directrices de la politique africaine du gouvernement f\u00e9d\u00e9ral.\",\"inLanguage\":\"fr-FR\",\"potentialAction\":[{\"@type\":\"ReadAction\",\"target\":[\"https:\\\/\\\/www.deutsche-afrika-stiftung.de\\\/fr\\\/\"]}]},{\"@type\":\"WebSite\",\"@id\":\"https:\\\/\\\/www.deutsche-afrika-stiftung.de\\\/fr\\\/#website\",\"url\":\"https:\\\/\\\/www.deutsche-afrika-stiftung.de\\\/fr\\\/\",\"name\":\"Deutsche Afrika Stiftung e.V.\",\"description\":\"\",\"potentialAction\":[{\"@type\":\"SearchAction\",\"target\":{\"@type\":\"EntryPoint\",\"urlTemplate\":\"https:\\\/\\\/www.deutsche-afrika-stiftung.de\\\/fr\\\/?s={search_term_string}\"},\"query-input\":{\"@type\":\"PropertyValueSpecification\",\"valueRequired\":true,\"valueName\":\"search_term_string\"}}],\"inLanguage\":\"fr-FR\"}]}<\/script>\n<!-- \/ Yoast SEO plugin. -->","yoast_head_json":{"title":"Deutsche Afrika Stiftung e.V.","description":"La Fondation allemande pour l'Afrique e.V. s'engage de mani\u00e8re non partisane pour la mise en \u0153uvre des lignes directrices de la politique africaine du gouvernement f\u00e9d\u00e9ral.","robots":{"index":"index","follow":"follow","max-snippet":"max-snippet:-1","max-image-preview":"max-image-preview:large","max-video-preview":"max-video-preview:-1"},"canonical":"https:\/\/www.deutsche-afrika-stiftung.de\/fr\/","og_locale":"fr_FR","og_type":"article","og_title":"Deutsche Afrika Stiftung e.V.","og_description":"La Fondation allemande pour l'Afrique e.V. s'engage de mani\u00e8re non partisane pour la mise en \u0153uvre des lignes directrices de la politique africaine du gouvernement f\u00e9d\u00e9ral.","og_url":"https:\/\/www.deutsche-afrika-stiftung.de\/fr\/","og_site_name":"Deutsche Afrika Stiftung e.V.","article_publisher":"https:\/\/www.facebook.com\/DeutscheAfrikaStiftung","article_modified_time":"2026-04-30T14:49:48+00:00","twitter_card":"summary_large_image","twitter_site":"@_DASonline","twitter_misc":{"Dur\u00e9e de lecture estim\u00e9e":"2 minutes"},"schema":{"@context":"https:\/\/schema.org","@graph":[{"@type":"WebPage","@id":"https:\/\/www.deutsche-afrika-stiftung.de\/fr\/","url":"https:\/\/www.deutsche-afrika-stiftung.de\/fr\/","name":"Deutsche Afrika Stiftung e.V.","isPartOf":{"@id":"https:\/\/www.deutsche-afrika-stiftung.de\/fr\/#website"},"datePublished":"2020-09-14T22:00:38+00:00","dateModified":"2026-04-30T14:49:48+00:00","description":"La Fondation allemande pour l'Afrique e.V. s'engage de mani\u00e8re non partisane pour la mise en \u0153uvre des lignes directrices de la politique africaine du gouvernement f\u00e9d\u00e9ral.","inLanguage":"fr-FR","potentialAction":[{"@type":"ReadAction","target":["https:\/\/www.deutsche-afrika-stiftung.de\/fr\/"]}]},{"@type":"WebSite","@id":"https:\/\/www.deutsche-afrika-stiftung.de\/fr\/#website","url":"https:\/\/www.deutsche-afrika-stiftung.de\/fr\/","name":"Deutsche Afrika Stiftung e.V.","description":"","potentialAction":[{"@type":"SearchAction","target":{"@type":"EntryPoint","urlTemplate":"https:\/\/www.deutsche-afrika-stiftung.de\/fr\/?s={search_term_string}"},"query-input":{"@type":"PropertyValueSpecification","valueRequired":true,"valueName":"search_term_string"}}],"inLanguage":"fr-FR"}]}},"_links":{"self":[{"href":"https:\/\/www.deutsche-afrika-stiftung.de\/fr\/wp-json\/wp\/v2\/pages\/963","targetHints":{"allow":["GET"]}}],"collection":[{"href":"https:\/\/www.deutsche-afrika-stiftung.de\/fr\/wp-json\/wp\/v2\/pages"}],"about":[{"href":"https:\/\/www.deutsche-afrika-stiftung.de\/fr\/wp-json\/wp\/v2\/types\/page"}],"author":[{"embeddable":true,"href":"https:\/\/www.deutsche-afrika-stiftung.de\/fr\/wp-json\/wp\/v2\/users\/1"}],"replies":[{"embeddable":true,"href":"https:\/\/www.deutsche-afrika-stiftung.de\/fr\/wp-json\/wp\/v2\/comments?post=963"}],"version-history":[{"count":15,"href":"https:\/\/www.deutsche-afrika-stiftung.de\/fr\/wp-json\/wp\/v2\/pages\/963\/revisions"}],"predecessor-version":[{"id":11194,"href":"https:\/\/www.deutsche-afrika-stiftung.de\/fr\/wp-json\/wp\/v2\/pages\/963\/revisions\/11194"}],"wp:attachment":[{"href":"https:\/\/www.deutsche-afrika-stiftung.de\/fr\/wp-json\/wp\/v2\/media?parent=963"}],"curies":[{"name":"wp","href":"https:\/\/api.w.org\/{rel}","templated":true}]}}